{"id":13,"date":"2016-09-16T07:01:52","date_gmt":"2016-09-16T07:01:52","guid":{"rendered":"http:\/\/sw-themes.com\/porto_dummy\/?page_id=8"},"modified":"2022-04-29T10:45:37","modified_gmt":"2022-04-29T08:45:37","slug":"unsere-zimmer","status":"publish","type":"page","link":"https:\/\/hotelalpspitz.de\/en\/unsere-zimmer\/","title":{"rendered":"Our rooms"},"content":{"rendered":"<div class=\"vc_row wpb_row row top-row vc_custom_1627976621563\"><div class=\"vc_column_container col-md-12\"><div class=\"wpb_wrapper vc_column-inner\"><div id=\"porto-portfolio-3482\" class=\"porto-portfolios porto-portfolios3b569bce309ec43a370cabec34d6f920 wpb_content_element\">\n\t<div class=\"page-portfolios clearfix portfolios-grid\" id=\"porto_portfolios_q4wv\">\n\n\t\n\t\t\t<ul class=\"portfolio-filter nav sort-source nav-pills\">\n\t\t\t<li class=\"active\" data-filter=\"*\"><a href=\"#\">Show All<\/a><\/li>\n\t\t\t\t\t\t\t<li data-filter=\"doppelzimmer-mit-balkon-oder-terrasse\"><a href=\"#\">Double Room with Balcony or Terrace<\/a><\/li>\n\t\t\t\t\t\t\t<li data-filter=\"einzelzimmer-mit-balkon\"><a href=\"#\">Single Room with Balcony<\/a><\/li>\n\t\t\t\t\t\t\t<li data-filter=\"komfort-appartement-mit-balkon\"><a href=\"#\">Comfort - apartment with balcony<\/a><\/li>\n\t\t\t\t\t\t\t<li data-filter=\"komfort-ferienhaus-mit-balkon-und-terrasse\"><a href=\"#\">Comfort - holiday home with balcony and terrace<\/a><\/li>\n\t\t\t\t\t\t\t<li data-filter=\"komfort-doppelzimmer-mit-balkon-oder-terrasse\"><a href=\"#\">Comfort - Double Room with Balcony or Terrace<\/a><\/li>\n\t\t\t\t\t\t\t<li data-filter=\"komfort-dreibettzimmer-mit-grossen-sued-balkon\"><a href=\"#\">Comfort - triple room with large south - balcony<\/a><\/li>\n\t\t\t\t\t\t\t<li data-filter=\"superior-doppelzimmer-mit-balkon-oder-terrasse\"><a href=\"#\">Superior \u2013 Double Room with Balcony or Terrace<\/a><\/li>\n\t\t\t\t\t<\/ul>\n\t\t\t\t\t<hr>\n\t\t\t\n\t\t\t<div class=\"portfolios-container portfolio-row portfolio-row-2 outimage\">\n\n\t\n\t\t<article class=\"portfolio portfolio-grid portfolio-col-2 superior-doppelzimmer-mit-balkon-oder-terrasse post-3917 type-portfolio status-publish has-post-thumbnail hentry portfolio_cat-superior-doppelzimmer-mit-balkon-oder-terrasse\">\n\t\t<h3 class=\"entry-title\" style=\"display: none;\">Superior \u2013 Double Room with Balcony or Terrace<\/h3><span class=\"vcard\" style=\"display: none;\"><span class=\"fn\"><a href=\"https:\/\/hotelalpspitz.de\/en\/author\/percipient\/\" title=\"Posts by percipient\" rel=\"author\">percipient<\/a><\/span><\/span><span class=\"updated\" style=\"display:none\">2022-05-18T15:43:57+02:00<\/span>\t\t<div class=\"portfolio-item outimage\">\n\t\t\t\n\t\t\t<a class=\"text-decoration-none portfolio-link\" href=\"https:\/\/hotelalpspitz.de\/en\/zimmer\/superior-doppelzimmer-mit-balkon-oder-terrasse\/\">\n\t\t\t\t<span class=\"thumb-info thumb-info-hide-wrapper-bg thumb-info-centered-info\">\n\t\t\t\t\t<span class=\"thumb-info-wrapper\">\n\t\t\t\t\t\t\t\t\t\t\t\t\t\t\t<img loading=\"lazy\" decoding=\"async\" class=\"img-responsive\" src=\"https:\/\/hotelalpspitz.de\/wp-content\/uploads\/2022\/04\/main-Superior-Doppelzimmer-mit-Sud-Balkon-560x490.jpg\" alt=\"\" width=\"560\" height=\"490\" \/>\n\t\t\t\t\t\t\t\t\t\n\t\t\t\t\t\t\n\t\t\t\t\t\t\t\t\t\t\t\t\t\t\t\t\t\t\t\t\t\t\t<\/span>\n\t\t\t\t<\/span>\n\t\t\t<\/a>\n\t\t\t\t\t\t\t\t\t\t\t\t<h4 class=\"m-t-md m-b-none portfolio-title\">Superior \u2013 Double Room with Balcony or Terrace<\/h4>\n\t\t\t\t\n\t\t\t\t\n\t\t\t\t\t\t\t\t\t<div class=\"portfolio-brief-content m-t p-l-lg p-r-lg\">\n\t\t\t\t\t<div class=\"room-suite-info\">\n<ul>\n<li><label>BEDS<\/label>\t<span>1 Double Bed<\/span><\/li>\n<li><label>room size<\/label>\t<span>30 \u2013 35 sqm<\/span><\/li>\n<li><label>SIZE<\/label>\t<span>&#8212;<\/span><\/li>\n<li><label>More information<\/label>\t<span>Click the image<\/span><\/li>\n<li><label>Price from<\/label> <strong>&#8212;<\/strong><\/li>\n<li>\n            <a href=\"#\" target=\"_blank\" class=\"room-suite-info-detail\" title=\"\" rel=\"noopener\">View Details <i class=\"fas fa-long-arrow-alt-right\"><\/i><\/a><a href=\"https:\/\/hotels.cloudbeds.com\/en\/reservation\/EArDai?currency=EUR#checkin=2022-04-29&#038;checkout=2022-05-01\" target=\"_blank\" class=\"room-suite-info-book\" title=\"\" rel=\"noopener\">Booking<\/a>\n        <\/li>\n<\/ul>\n<\/div>\n\t\t\t\t\t<\/div>\n\t\t\t\t\n\t\t\t\t\n\t\t\t\t\t\t\t\t<\/div>\n\t<\/article>\n\t\t<article class=\"portfolio portfolio-grid portfolio-col-2 komfort-ferienhaus-mit-balkon-und-terrasse post-3721 type-portfolio status-publish has-post-thumbnail hentry portfolio_cat-komfort-ferienhaus-mit-balkon-und-terrasse\">\n\t\t<h3 class=\"entry-title\" style=\"display: none;\">Comfort - Holiday Home with Balcony and Terrace<\/h3><span class=\"vcard\" style=\"display: none;\"><span class=\"fn\"><a href=\"https:\/\/hotelalpspitz.de\/en\/author\/percipient\/\" title=\"Posts by percipient\" rel=\"author\">percipient<\/a><\/span><\/span><span class=\"updated\" style=\"display:none\">2022-05-12T13:42:13+02:00<\/span>\t\t<div class=\"portfolio-item outimage\">\n\t\t\t\n\t\t\t<a class=\"text-decoration-none portfolio-link\" href=\"https:\/\/hotelalpspitz.de\/en\/zimmer\/komfort-ferienhaus-mit-balkon-und-terrasse\/\">\n\t\t\t\t<span class=\"thumb-info thumb-info-hide-wrapper-bg thumb-info-centered-info\">\n\t\t\t\t\t<span class=\"thumb-info-wrapper\">\n\t\t\t\t\t\t\t\t\t\t\t\t\t\t\t<img loading=\"lazy\" decoding=\"async\" class=\"img-responsive\" src=\"https:\/\/hotelalpspitz.de\/wp-content\/uploads\/2022\/04\/1-main-image-Doppelzimmer-2-560x490.jpg\" alt=\"\" width=\"560\" height=\"490\" \/>\n\t\t\t\t\t\t\t\t\t\n\t\t\t\t\t\t\n\t\t\t\t\t\t\t\t\t\t\t\t\t\t\t\t\t\t\t\t\t\t\t<\/span>\n\t\t\t\t<\/span>\n\t\t\t<\/a>\n\t\t\t\t\t\t\t\t\t\t\t\t<h4 class=\"m-t-md m-b-none portfolio-title\">Comfort - Holiday Home with Balcony and Terrace<\/h4>\n\t\t\t\t\n\t\t\t\t\n\t\t\t\t\t\t\t\t\t<div class=\"portfolio-brief-content m-t p-l-lg p-r-lg\">\n\t\t\t\t\t<div class=\"room-suite-info\">\n<ul>\n<li><label>double bed<\/label>\t<span>3 Double Beds + 1 Single Bed<\/span><\/li>\n<li><label>OCCUPANCY<\/label> <span>4-7 Personen<\/span><\/li>\n<li><label>room size<\/label>\t<span>190 sqm<\/span><\/li>\n<li><label>More information<\/label>\t<span>Click the image<\/span><\/li>\n<li><label>Price from<\/label> <strong>&#8212;<\/strong><\/li>\n<li>\n            <a href=\"#\" target=\"_blank\" class=\"room-suite-info-detail\" title=\"\" rel=\"noopener\">View Details <i class=\"fas fa-long-arrow-alt-right\"><\/i><\/a><a href=\"https:\/\/hotels.cloudbeds.com\/en\/reservation\/EArDai?currency=EUR#checkin=2022-04-29&#038;checkout=2022-05-01\" target=\"_blank\" class=\"room-suite-info-book\" title=\"\" rel=\"noopener\">Booking<\/a>\n        <\/li>\n<\/ul>\n<\/div>\n\t\t\t\t\t<\/div>\n\t\t\t\t\n\t\t\t\t\n\t\t\t\t\t\t\t\t<\/div>\n\t<\/article>\n\t\t<article class=\"portfolio portfolio-grid portfolio-col-2 einzelzimmer-mit-balkon post-3718 type-portfolio status-publish has-post-thumbnail hentry portfolio_cat-einzelzimmer-mit-balkon\">\n\t\t<h3 class=\"entry-title\" style=\"display: none;\">Single Room with Balcony<\/h3><span class=\"vcard\" style=\"display: none;\"><span class=\"fn\"><a href=\"https:\/\/hotelalpspitz.de\/en\/author\/percipient\/\" title=\"Posts by percipient\" rel=\"author\">percipient<\/a><\/span><\/span><span class=\"updated\" style=\"display:none\">2022-05-12T14:50:10+02:00<\/span>\t\t<div class=\"portfolio-item outimage\">\n\t\t\t\n\t\t\t<a class=\"text-decoration-none portfolio-link\" href=\"https:\/\/hotelalpspitz.de\/en\/zimmer\/einzelzimmer-mit-balkon\/\">\n\t\t\t\t<span class=\"thumb-info thumb-info-hide-wrapper-bg thumb-info-centered-info\">\n\t\t\t\t\t<span class=\"thumb-info-wrapper\">\n\t\t\t\t\t\t\t\t\t\t\t\t\t\t\t<img loading=\"lazy\" decoding=\"async\" class=\"img-responsive\" src=\"https:\/\/hotelalpspitz.de\/wp-content\/uploads\/2022\/04\/main-Einzelzimmer-mit-Balkon-560x490.jpg\" alt=\"\" width=\"560\" height=\"490\" \/>\n\t\t\t\t\t\t\t\t\t\n\t\t\t\t\t\t\n\t\t\t\t\t\t\t\t\t\t\t\t\t\t\t\t\t\t\t\t\t\t\t<\/span>\n\t\t\t\t<\/span>\n\t\t\t<\/a>\n\t\t\t\t\t\t\t\t\t\t\t\t<h4 class=\"m-t-md m-b-none portfolio-title\">Single Room with Balcony<\/h4>\n\t\t\t\t\n\t\t\t\t\n\t\t\t\t\t\t\t\t\t<div class=\"portfolio-brief-content m-t p-l-lg p-r-lg\">\n\t\t\t\t\t<div class=\"room-suite-info\">\n<ul>\n<li><label>double bed<\/label>\t<span>1 Double Beds<\/span><\/li>\n<li><label>OCCUPANCY<\/label> <span>1 Person<\/span><\/li>\n<li><label>SIZE<\/label>\t<span>16 qm<\/span><\/li>\n<li><label>More information<\/label>\t<span>Click the image<\/span><\/li>\n<li><label>Price from<\/label> <strong>&#8212;<\/strong><\/li>\n<li>\n            <a href=\"#\" target=\"_blank\" class=\"room-suite-info-detail\" title=\"\" rel=\"noopener\">View Details <i class=\"fas fa-long-arrow-alt-right\"><\/i><\/a><a href=\"https:\/\/hotels.cloudbeds.com\/en\/reservation\/EArDai?currency=EUR#checkin=2022-04-29&#038;checkout=2022-05-01\" target=\"_blank\" class=\"room-suite-info-book\" title=\"\" rel=\"noopener\">Booking<\/a>\n        <\/li>\n<\/ul>\n<\/div>\n\t\t\t\t\t<\/div>\n\t\t\t\t\n\t\t\t\t\n\t\t\t\t\t\t\t\t<\/div>\n\t<\/article>\n\t\t<article class=\"portfolio portfolio-grid portfolio-col-2 komfort-appartement-mit-balkon post-3699 type-portfolio status-publish has-post-thumbnail hentry portfolio_cat-komfort-appartement-mit-balkon\">\n\t\t<h3 class=\"entry-title\" style=\"display: none;\">Comfort - Apartment with Balcony<\/h3><span class=\"vcard\" style=\"display: none;\"><span class=\"fn\"><a href=\"https:\/\/hotelalpspitz.de\/en\/author\/percipient\/\" title=\"Posts by percipient\" rel=\"author\">percipient<\/a><\/span><\/span><span class=\"updated\" style=\"display:none\">2022-05-12T15:25:40+02:00<\/span>\t\t<div class=\"portfolio-item outimage\">\n\t\t\t\n\t\t\t<a class=\"text-decoration-none portfolio-link\" href=\"https:\/\/hotelalpspitz.de\/en\/zimmer\/komfort-appartement-mit-balkon\/\">\n\t\t\t\t<span class=\"thumb-info thumb-info-hide-wrapper-bg thumb-info-centered-info\">\n\t\t\t\t\t<span class=\"thumb-info-wrapper\">\n\t\t\t\t\t\t\t\t\t\t\t\t\t\t\t<img loading=\"lazy\" decoding=\"async\" class=\"img-responsive\" src=\"https:\/\/hotelalpspitz.de\/wp-content\/uploads\/2022\/04\/main-appartment.jpg\" alt=\"\" width=\"560\" height=\"490\" \/>\n\t\t\t\t\t\t\t\t\t\n\t\t\t\t\t\t\n\t\t\t\t\t\t\t\t\t\t\t\t\t\t\t\t\t\t\t\t\t\t\t<\/span>\n\t\t\t\t<\/span>\n\t\t\t<\/a>\n\t\t\t\t\t\t\t\t\t\t\t\t<h4 class=\"m-t-md m-b-none portfolio-title\">Comfort - Apartment with Balcony<\/h4>\n\t\t\t\t\n\t\t\t\t\n\t\t\t\t\t\t\t\t\t<div class=\"portfolio-brief-content m-t p-l-lg p-r-lg\">\n\t\t\t\t\t<div class=\"room-suite-info\">\n<ul>\n<li><label>double bed<\/label>\t<span>2 Double Beds<\/span><\/li>\n<li><label>OCCUPANCY<\/label> <span>4 \u2013 7 People<\/span><\/li>\n<li><label>SIZE<\/label>\t<span>95 sqm<\/span><\/li>\n<li><label>More information<\/label>\t<span>Click the image<\/span><\/li>\n<li><label>Price from<\/label> <strong>&#8212;<\/strong><\/li>\n<li>\n            <a href=\"#\" target=\"_blank\" class=\"room-suite-info-detail\" title=\"\" rel=\"noopener\">View Details <i class=\"fas fa-long-arrow-alt-right\"><\/i><\/a><a href=\"https:\/\/hotels.cloudbeds.com\/en\/reservation\/EArDai?currency=EUR#checkin=2022-04-29&#038;checkout=2022-05-01\" target=\"_blank\" class=\"room-suite-info-book\" title=\"\" rel=\"noopener\">Booking<\/a>\n        <\/li>\n<\/ul>\n<\/div>\n\t\t\t\t\t<\/div>\n\t\t\t\t\n\t\t\t\t\n\t\t\t\t\t\t\t\t<\/div>\n\t<\/article>\n\t\t<article class=\"portfolio portfolio-grid portfolio-col-2 doppelzimmer-mit-balkon-oder-terrasse post-339 type-portfolio status-publish has-post-thumbnail hentry portfolio_cat-doppelzimmer-mit-balkon-oder-terrasse\">\n\t\t<h3 class=\"entry-title\" style=\"display: none;\">Double Room with Balcony or Terrace<\/h3><span class=\"vcard\" style=\"display: none;\"><span class=\"fn\"><a href=\"https:\/\/hotelalpspitz.de\/en\/author\/percipient\/\" title=\"Posts by percipient\" rel=\"author\">percipient<\/a><\/span><\/span><span class=\"updated\" style=\"display:none\">2022-05-12T13:43:01+02:00<\/span>\t\t<div class=\"portfolio-item outimage\">\n\t\t\t\n\t\t\t<a class=\"text-decoration-none portfolio-link\" href=\"https:\/\/hotelalpspitz.de\/en\/zimmer\/doppelzimmer-mit-balkon-oder-terrasse\/\">\n\t\t\t\t<span class=\"thumb-info thumb-info-hide-wrapper-bg thumb-info-centered-info\">\n\t\t\t\t\t<span class=\"thumb-info-wrapper\">\n\t\t\t\t\t\t\t\t\t\t\t\t\t\t\t<img loading=\"lazy\" decoding=\"async\" class=\"img-responsive\" src=\"https:\/\/hotelalpspitz.de\/wp-content\/uploads\/2021\/08\/main-Doppelzimmer-mit-Balkon-oder-Terrasse-560x490.jpg\" alt=\"\" width=\"560\" height=\"490\" \/>\n\t\t\t\t\t\t\t\t\t\n\t\t\t\t\t\t\n\t\t\t\t\t\t\t\t\t\t\t\t\t\t\t\t\t\t\t\t\t\t\t<\/span>\n\t\t\t\t<\/span>\n\t\t\t<\/a>\n\t\t\t\t\t\t\t\t\t\t\t\t<h4 class=\"m-t-md m-b-none portfolio-title\">Double Room with Balcony or Terrace<\/h4>\n\t\t\t\t\n\t\t\t\t\n\t\t\t\t\t\t\t\t\t<div class=\"portfolio-brief-content m-t p-l-lg p-r-lg\">\n\t\t\t\t\t<div class=\"room-suite-info\">\n<ul>\n<li><label>double bed<\/label>\t<span>1 Double Beds<\/span><\/li>\n<li><label>OCCUPANCY<\/label> <span>2 Persons<\/span><\/li>\n<li><label>SIZE<\/label>\t<span>20 \u2013 24 sqm<\/span><\/li>\n<li><label>More information<\/label>\t<span>Click the image<\/span><\/li>\n<li><label>Price from<\/label> <strong>&#8212;<\/strong><\/li>\n<li>\n            <a href=\"#\" target=\"_blank\" class=\"room-suite-info-detail\" title=\"\" rel=\"noopener\">View Details <i class=\"fas fa-long-arrow-alt-right\"><\/i><\/a><a href=\"https:\/\/hotels.cloudbeds.com\/en\/reservation\/EArDai?currency=EUR#checkin=2022-04-29&#038;checkout=2022-05-01\" target=\"_blank\" class=\"room-suite-info-book\" title=\"\" rel=\"noopener\">Booking<\/a>\n        <\/li>\n<\/ul>\n<\/div>\n\t\t\t\t\t<\/div>\n\t\t\t\t\n\t\t\t\t\n\t\t\t\t\t\t\t\t<\/div>\n\t<\/article>\n\t\t<article class=\"portfolio portfolio-grid portfolio-col-2 komfort-doppelzimmer-mit-balkon-oder-terrasse post-337 type-portfolio status-publish has-post-thumbnail hentry portfolio_cat-komfort-doppelzimmer-mit-balkon-oder-terrasse\">\n\t\t<h3 class=\"entry-title\" style=\"display: none;\">Comfort - Double Room with Balcony or Terrace<\/h3><span class=\"vcard\" style=\"display: none;\"><span class=\"fn\"><a href=\"https:\/\/hotelalpspitz.de\/en\/author\/percipient\/\" title=\"Posts by percipient\" rel=\"author\">percipient<\/a><\/span><\/span><span class=\"updated\" style=\"display:none\">2022-05-12T13:43:14+02:00<\/span>\t\t<div class=\"portfolio-item outimage\">\n\t\t\t\n\t\t\t<a class=\"text-decoration-none portfolio-link\" href=\"https:\/\/hotelalpspitz.de\/en\/zimmer\/komfort-doppelzimmer-mit-balkon-oder-terrasse\/\">\n\t\t\t\t<span class=\"thumb-info thumb-info-hide-wrapper-bg thumb-info-centered-info\">\n\t\t\t\t\t<span class=\"thumb-info-wrapper\">\n\t\t\t\t\t\t\t\t\t\t\t\t\t\t\t<img loading=\"lazy\" decoding=\"async\" class=\"img-responsive\" src=\"https:\/\/hotelalpspitz.de\/wp-content\/uploads\/2021\/08\/main-Komfort-Doppelzimmer-mit-Wohnecke-560x490.jpg\" alt=\"\" width=\"560\" height=\"490\" \/>\n\t\t\t\t\t\t\t\t\t\n\t\t\t\t\t\t\n\t\t\t\t\t\t\t\t\t\t\t\t\t\t\t\t\t\t\t\t\t\t\t<\/span>\n\t\t\t\t<\/span>\n\t\t\t<\/a>\n\t\t\t\t\t\t\t\t\t\t\t\t<h4 class=\"m-t-md m-b-none portfolio-title\">Comfort - Double Room with Balcony or Terrace<\/h4>\n\t\t\t\t\n\t\t\t\t\n\t\t\t\t\t\t\t\t\t<div class=\"portfolio-brief-content m-t p-l-lg p-r-lg\">\n\t\t\t\t\t<div class=\"room-suite-info\">\n<ul>\n<li><label>double bed<\/label>\t<span>1 Double Bed<\/span><\/li>\n<li><label>OCCUPANCY<\/label> <span>2 Persons<\/span><\/li>\n<li><label>SIZE<\/label>\t<span>30 \u2013 35 sqm<\/span><\/li>\n<li><label>More information<\/label>\t<span>Click the image<\/span><\/li>\n<li><label>Price from<\/label> <strong>&#8212;<\/strong><\/li>\n<li>\n            <a href=\"#\" target=\"_blank\" class=\"room-suite-info-detail\" title=\"\" rel=\"noopener\">View Details <i class=\"fas fa-long-arrow-alt-right\"><\/i><\/a><a href=\"https:\/\/hotels.cloudbeds.com\/en\/reservation\/EArDai?currency=EUR#checkin=2022-04-29&#038;checkout=2022-05-01\" target=\"_blank\" class=\"room-suite-info-book\" title=\"\" rel=\"noopener\">Booking<\/a>\n        <\/li>\n<\/ul>\n<\/div>\n\t\t\t\t\t<\/div>\n\t\t\t\t\n\t\t\t\t\n\t\t\t\t\t\t\t\t<\/div>\n\t<\/article>\n\t\t<article class=\"portfolio portfolio-grid portfolio-col-2 komfort-dreibettzimmer-mit-grossen-sued-balkon post-335 type-portfolio status-publish has-post-thumbnail hentry portfolio_cat-komfort-dreibettzimmer-mit-grossen-sued-balkon\">\n\t\t<h3 class=\"entry-title\" style=\"display: none;\">Comfort Triple Room with Large South-facing Balcony<\/h3><span class=\"vcard\" style=\"display: none;\"><span class=\"fn\"><a href=\"https:\/\/hotelalpspitz.de\/en\/author\/percipient\/\" title=\"Posts by percipient\" rel=\"author\">percipient<\/a><\/span><\/span><span class=\"updated\" style=\"display:none\">2022-05-12T14:36:51+02:00<\/span>\t\t<div class=\"portfolio-item outimage\">\n\t\t\t\n\t\t\t<a class=\"text-decoration-none portfolio-link\" href=\"https:\/\/hotelalpspitz.de\/en\/zimmer\/komfort-dreibettzimmer-mit-grossen-sued-balkon\/\">\n\t\t\t\t<span class=\"thumb-info thumb-info-hide-wrapper-bg thumb-info-centered-info\">\n\t\t\t\t\t<span class=\"thumb-info-wrapper\">\n\t\t\t\t\t\t\t\t\t\t\t\t\t\t\t<img loading=\"lazy\" decoding=\"async\" class=\"img-responsive\" src=\"https:\/\/hotelalpspitz.de\/wp-content\/uploads\/2021\/08\/main-Komfort-\u2013-Dreibettzimmer-mit-grosen-Sud-Balkon.jpg\" alt=\"\" width=\"560\" height=\"490\" \/>\n\t\t\t\t\t\t\t\t\t\n\t\t\t\t\t\t\n\t\t\t\t\t\t\t\t\t\t\t\t\t\t\t\t\t\t\t\t\t\t\t<\/span>\n\t\t\t\t<\/span>\n\t\t\t<\/a>\n\t\t\t\t\t\t\t\t\t\t\t\t<h4 class=\"m-t-md m-b-none portfolio-title\">Comfort Triple Room with Large South-facing Balcony<\/h4>\n\t\t\t\t\n\t\t\t\t\n\t\t\t\t\t\t\t\t\t<div class=\"portfolio-brief-content m-t p-l-lg p-r-lg\">\n\t\t\t\t\t<div class=\"room-suite-info\">\n<ul>\n<li><label>double bed<\/label>\t<span>1 Double and 1x Single Bed<\/span><\/li>\n<li><label>OCCUPANCY<\/label> <span>3 persons<\/span><\/li>\n<li><label>SIZE<\/label>\t<span>36 \u2013 39 sqm<\/span><\/li>\n<li><label>More information<\/label>\t<span>Click the image<\/span><\/li>\n<li><label>Price from<\/label> <strong>&#8212;<\/strong><\/li>\n<li>\n            <a href=\"#\" target=\"_blank\" class=\"room-suite-info-detail\" title=\"\" rel=\"noopener\">View Details <i class=\"fas fa-long-arrow-alt-right\"><\/i><\/a><a href=\"https:\/\/hotels.cloudbeds.com\/en\/reservation\/EArDai?currency=EUR#checkin=2022-04-29&#038;checkout=2022-05-01\" target=\"_blank\" class=\"room-suite-info-book\" title=\"\" rel=\"noopener\">Booking<\/a>\n        <\/li>\n<\/ul>\n<\/div>\n\t\t\t\t\t<\/div>\n\t\t\t\t\n\t\t\t\t\n\t\t\t\t\t\t\t\t<\/div>\n\t<\/article>\n\t\n\t\n\t\n\t\t<\/div>\n\n\t\n\t\n\t<\/div>\n\n\t\n\t\n\t<\/div><\/div><\/div><\/div>","protected":false},"excerpt":{"rendered":"Komfort \u2013 Dreibettzimmer mit gro\u00dfen S\u00fcd - Balkon \u00a0Gem\u00fctliches, alpenl\u00e4ndisch hell eingerichtetes Wohlf\u00fchlzimmer Unser Komfort\u2013 Dreibettzimmer verf\u00fcgt \u00fcber ein Doppelzimmer mit gem\u00fctlicher Wohnecke, Zimmerflur, separates Einzelzimmer mit Kabel TV, Bad mit Dusche, F\u00f6n, Kosmetikspiegel und separaten WC im Zimmer und gro\u00dfen S\u00fcd - Panoramabalkon Weitere Ausstattungsmerkmale: Telefon Kabel TV Radiowecker W-Lan \u2013 Verbindung Kostenlose Pflegeprodukte [...]","protected":false},"author":1,"featured_media":0,"parent":0,"menu_order":0,"comment_status":"closed","ping_status":"closed","template":"","meta":{"footnotes":""},"class_list":["post-13","page","type-page","status-publish","hentry"],"_links":{"self":[{"href":"https:\/\/hotelalpspitz.de\/en\/wp-json\/wp\/v2\/pages\/13","targetHints":{"allow":["GET"]}}],"collection":[{"href":"https:\/\/hotelalpspitz.de\/en\/wp-json\/wp\/v2\/pages"}],"about":[{"href":"https:\/\/hotelalpspitz.de\/en\/wp-json\/wp\/v2\/types\/page"}],"author":[{"embeddable":true,"href":"https:\/\/hotelalpspitz.de\/en\/wp-json\/wp\/v2\/users\/1"}],"replies":[{"embeddable":true,"href":"https:\/\/hotelalpspitz.de\/en\/wp-json\/wp\/v2\/comments?post=13"}],"version-history":[{"count":5,"href":"https:\/\/hotelalpspitz.de\/en\/wp-json\/wp\/v2\/pages\/13\/revisions"}],"predecessor-version":[{"id":3732,"href":"https:\/\/hotelalpspitz.de\/en\/wp-json\/wp\/v2\/pages\/13\/revisions\/3732"}],"wp:attachment":[{"href":"https:\/\/hotelalpspitz.de\/en\/wp-json\/wp\/v2\/media?parent=13"}],"curies":[{"name":"wp","href":"https:\/\/api.w.org\/{rel}","templated":true}]}}